{"id":1540,"date":"2025-10-06T01:25:19","date_gmt":"2025-10-05T23:25:19","guid":{"rendered":"https:\/\/webdev01.evoratec.com\/products\/"},"modified":"2025-10-07T08:48:12","modified_gmt":"2025-10-07T06:48:12","slug":"products","status":"publish","type":"page","link":"https:\/\/lux.es\/en\/products\/","title":{"rendered":"Products"},"content":{"rendered":"\t\t<div data-elementor-type=\"wp-page\" data-elementor-id=\"1540\" class=\"elementor elementor-1540 elementor-35\" data-elementor-post-type=\"page\">\n\t\t\t\t<div class=\"elementor-element elementor-element-5497eb6 e-con-full e-flex e-con e-parent\" data-id=\"5497eb6\" data-element_type=\"container\" data-e-type=\"container\">\n\t\t\t\t<div class=\"elementor-element elementor-element-734d565 elementor-widget elementor-widget-evo_header_page\" data-id=\"734d565\" data-element_type=\"widget\" data-e-type=\"widget\" data-widget_type=\"evo_header_page.default\">\n\t\t\t\t<div class=\"elementor-widget-container\">\n\t\t\t\t\t\n        <div class=\"evo-header-page\">\n\n            <div class=\"contenedor\">\n                <div class=\"contenedor-texto\">\n                        <h1>Products<\/h1>\n                        <span><\/span>\n                <\/div>\n\n            <\/div>\n\n        <\/div>\n\n        <style>\n            .evo-header-page {\n                height: 280px;\n                display: flex ;\n                margin: 0 80px;\n\n                .contenedor {\n                    display: flex ;\n                    width: 100%;\n                    height: 100%;\n\n                    position: relative ;\n                    background-color: #940035;\n                    padding: 0 100px;\n                    align-items: center;\n                    border-radius: 0 0 0 50px ;\n                    overflow: hidden;\n\n                    &::before {\n                        mix-blend-mode: initial;\n                        content: \"\";\n                        position: absolute;\n                        inset: 0;\n                        background-image: url(\"https:\/\/lux.es\/wp-content\/uploads\/2025\/10\/luz-imagen-fondo-header.jpg\");\n\n                        background-position: center center;\n                        background-repeat: no-repeat;\n                        background-size: cover;\n                        opacity: 0.3;\n                        top: 0;\n                        left: 0;\n\n                        display: block;\n                        width: 100%;\n                        z-index:\n                    }\n                    .contenedor-texto {\n                        z-index: 1;\n                        display: flex;\n                        flex-direction: row;\n                        align-items: center;\n                        width: 100%;\n                        justify-content: space-between;\n                        span {\n                            font-size:  32px;\n                            color: white ;\n                        }\n                    }\n                }\n            }\n\n\n            .evo-header-page {\n                display: flex;\n                flex-direction: column;\n                position: relative;\n\n                h1 {\n                    color: white ;\n                    font-size: 56px;\n                    font-weight: 400;\n\n                }\n            }\n\n            @media (max-width: 1366px) {\n                .evo-header-page {\n                    margin: 0 16px;\n                    h1 {\n                        font-size: 40px;\n                        font-weight: normal ;\n\n\n                    }\n                }\n            @media (max-width: 768px) {\n                .evo-header-page {\n                    height: 150px;\n\n                    h1 {\n                        font-size: 32px;\n                        font-weight: normal ;\n                        text-align: center ;\n\n                    }\n                    .contenedor {\n                        padding: 0 16px;\n                        border-radius: 0 0 0 24px ;\n\n\n                        .contenedor-texto {\n                            z-index: 1;\n                            display: flex;\n                            flex-direction: column;\n                            align-items: center;\n                            width: 100%;\n                            justify-content: space-between;\n                            span {\n                                font-size:  24px;\n                                color: white ;\n                            }\n                        }\n                    }\n                }\n\n\n            }\n\n\n        <\/style>\n        \t\t\t\t<\/div>\n\t\t\t\t<\/div>\n\t\t\t\t<div class=\"elementor-element elementor-element-fced270 elementor-widget elementor-widget-heading\" data-id=\"fced270\" data-element_type=\"widget\" data-e-type=\"widget\" data-widget_type=\"heading.default\">\n\t\t\t\t\t<h2 class=\"elementor-heading-title elementor-size-default\">Our products will inspire you<\/h2>\t\t\t\t<\/div>\n\t\t\t\t<\/div>\n\t\t<div class=\"elementor-element elementor-element-7229f0a e-flex e-con-boxed e-con e-parent\" data-id=\"7229f0a\" data-element_type=\"container\" data-e-type=\"container\">\n\t\t\t\t\t<div class=\"e-con-inner\">\n\t\t\t\t<div class=\"elementor-element elementor-element-df08393 elementor-widget elementor-widget-text-editor\" data-id=\"df08393\" data-element_type=\"widget\" data-e-type=\"widget\" data-widget_type=\"text-editor.default\">\n\t\t\t\t\t\t\t\t\t<p>Here you will find everything you need for clean air, a clean home, clean water and a restful sleep.<\/p>\n\t\t\t\t\t\t\t\t<\/div>\n\t\t\t\t\t<\/div>\n\t\t\t\t<\/div>\n\t\t<div class=\"elementor-element elementor-element-43adcbf e-flex e-con-boxed e-con e-parent\" data-id=\"43adcbf\" data-element_type=\"container\" data-e-type=\"container\">\n\t\t\t\t\t<div class=\"e-con-inner\">\n\t\t\t\t<div class=\"elementor-element elementor-element-4805664 elementor-widget elementor-widget-heading\" data-id=\"4805664\" data-element_type=\"widget\" data-e-type=\"widget\" data-widget_type=\"heading.default\">\n\t\t\t\t\t<h2 class=\"elementor-heading-title elementor-size-default\">Clean Air<\/h2>\t\t\t\t<\/div>\n\t\t\t\t\t<\/div>\n\t\t\t\t<\/div>\n\t\t<div class=\"elementor-element elementor-element-3a332996 e-flex e-con-boxed e-con e-parent\" data-id=\"3a332996\" data-element_type=\"container\" data-e-type=\"container\" data-settings=\"{&quot;background_background&quot;:&quot;classic&quot;}\">\n\t\t\t\t\t<div class=\"e-con-inner\">\n\t\t<div class=\"elementor-element elementor-element-12eadff e-con-full e-flex e-con e-child\" data-id=\"12eadff\" data-element_type=\"container\" data-e-type=\"container\">\n\t\t\t\t<div class=\"elementor-element elementor-element-3ff27c9e elementor-widget-tablet__width-initial elementor-widget-mobile__width-inherit elementor-widget elementor-widget-evo_card_vertical\" data-id=\"3ff27c9e\" data-element_type=\"widget\" data-e-type=\"widget\" data-widget_type=\"evo_card_vertical.default\">\n\t\t\t\t<div class=\"elementor-widget-container\">\n\t\t\t\t\t        <div class=\"evo-card-vertical\">\n            <div class=\"content\">\n                <div class=\"imagen\">\n                    <img decoding=\"async\" src=\"https:\/\/lux.es\/wp-content\/uploads\/2025\/10\/01-AEROGUARD-360.jpg\" alt=\"Servicio\" \/>\n                <\/div>\n                <div class=\"titulo\">\n                    <span >AG Aeroguard Premium<\/span>\n                <\/div>\n\n                <div class=\"enlace\">\n                    <a href=\"https:\/\/lux.es\/producto\/ag-aeroguard-premium\/\">\n                        Leer m\u00e1s\n                    <\/a>\n                <\/div>\n            <\/div>\n        <\/div>\n        \t\t\t\t<\/div>\n\t\t\t\t<\/div>\n\t\t\t\t<\/div>\n\t\t\t\t\t<\/div>\n\t\t\t\t<\/div>\n\t\t<div class=\"elementor-element elementor-element-bd8f4db e-flex e-con-boxed e-con e-parent\" data-id=\"bd8f4db\" data-element_type=\"container\" data-e-type=\"container\">\n\t\t\t\t\t<div class=\"e-con-inner\">\n\t\t\t\t<div class=\"elementor-element elementor-element-d3c6814 elementor-widget elementor-widget-heading\" data-id=\"d3c6814\" data-element_type=\"widget\" data-e-type=\"widget\" data-widget_type=\"heading.default\">\n\t\t\t\t\t<h2 class=\"elementor-heading-title elementor-size-default\">Better Living<\/h2>\t\t\t\t<\/div>\n\t\t\t\t\t<\/div>\n\t\t\t\t<\/div>\n\t\t<div class=\"elementor-element elementor-element-7992fb85 e-flex e-con-boxed e-con e-parent\" data-id=\"7992fb85\" data-element_type=\"container\" data-e-type=\"container\" data-settings=\"{&quot;background_background&quot;:&quot;classic&quot;}\">\n\t\t\t\t\t<div class=\"e-con-inner\">\n\t\t<div class=\"elementor-element elementor-element-a34f016 e-con-full e-flex e-con e-child\" data-id=\"a34f016\" data-element_type=\"container\" data-e-type=\"container\">\n\t\t\t\t<div class=\"elementor-element elementor-element-8a162ce elementor-widget-tablet__width-initial elementor-widget-mobile__width-inherit elementor-widget__width-initial elementor-widget elementor-widget-evo_card_vertical\" data-id=\"8a162ce\" data-element_type=\"widget\" data-e-type=\"widget\" data-widget_type=\"evo_card_vertical.default\">\n\t\t\t\t<div class=\"elementor-widget-container\">\n\t\t\t\t\t        <div class=\"evo-card-vertical\">\n            <div class=\"content\">\n                <div class=\"imagen\">\n                    <img decoding=\"async\" src=\"https:\/\/lux.es\/wp-content\/uploads\/2025\/10\/02-Evolux-Max.jpg\" alt=\"Servicio\" \/>\n                <\/div>\n                <div class=\"titulo\">\n                    <span >Evolux MAX<\/span>\n                <\/div>\n\n                <div class=\"enlace\">\n                    <a href=\"https:\/\/lux.es\/producto\/evolux\/\">\n                        Leer m\u00e1s\n                    <\/a>\n                <\/div>\n            <\/div>\n        <\/div>\n        \t\t\t\t<\/div>\n\t\t\t\t<\/div>\n\t\t\t\t<\/div>\n\t\t<div class=\"elementor-element elementor-element-981ae6b e-con-full e-flex e-con e-child\" data-id=\"981ae6b\" data-element_type=\"container\" data-e-type=\"container\">\n\t\t\t\t<div class=\"elementor-element elementor-element-7da16e0e elementor-widget-tablet__width-initial elementor-widget-mobile__width-inherit elementor-widget elementor-widget-evo_card_vertical\" data-id=\"7da16e0e\" data-element_type=\"widget\" data-e-type=\"widget\" data-widget_type=\"evo_card_vertical.default\">\n\t\t\t\t<div class=\"elementor-widget-container\">\n\t\t\t\t\t        <div class=\"evo-card-vertical\">\n            <div class=\"content\">\n                <div class=\"imagen\">\n                    <img decoding=\"async\" src=\"https:\/\/lux.es\/wp-content\/uploads\/2025\/10\/03-Novolux.png\" alt=\"Servicio\" \/>\n                <\/div>\n                <div class=\"titulo\">\n                    <span >NovoLux<\/span>\n                <\/div>\n\n                <div class=\"enlace\">\n                    <a href=\"https:\/\/lux.es\/producto\/novolux\/\">\n                        Leer m\u00e1s\n                    <\/a>\n                <\/div>\n            <\/div>\n        <\/div>\n        \t\t\t\t<\/div>\n\t\t\t\t<\/div>\n\t\t\t\t<\/div>\n\t\t<div class=\"elementor-element elementor-element-61c74f9 e-con-full e-flex e-con e-child\" data-id=\"61c74f9\" data-element_type=\"container\" data-e-type=\"container\">\n\t\t\t\t<div class=\"elementor-element elementor-element-5d47bd73 elementor-widget-tablet__width-initial elementor-widget-mobile__width-inherit elementor-widget elementor-widget-evo_card_vertical\" data-id=\"5d47bd73\" data-element_type=\"widget\" data-e-type=\"widget\" data-widget_type=\"evo_card_vertical.default\">\n\t\t\t\t<div class=\"elementor-widget-container\">\n\t\t\t\t\t        <div class=\"evo-card-vertical\">\n            <div class=\"content\">\n                <div class=\"imagen\">\n                    <img decoding=\"async\" src=\"https:\/\/lux.es\/wp-content\/uploads\/2025\/10\/05-Limpiadora-a-Vapor-Ecolux-Neo.png\" alt=\"Servicio\" \/>\n                <\/div>\n                <div class=\"titulo\">\n                    <span >Ecolux Neo Limpiador a Vapor<\/span>\n                <\/div>\n\n                <div class=\"enlace\">\n                    <a href=\"https:\/\/lux.es\/producto\/ecolux-neo-limpiador-a-vapor\/\">\n                        Leer m\u00e1s\n                    <\/a>\n                <\/div>\n            <\/div>\n        <\/div>\n        \t\t\t\t<\/div>\n\t\t\t\t<\/div>\n\t\t\t\t<\/div>\n\t\t\t\t\t<\/div>\n\t\t\t\t<\/div>\n\t\t<div class=\"elementor-element elementor-element-e753593 e-flex e-con-boxed e-con e-parent\" data-id=\"e753593\" data-element_type=\"container\" data-e-type=\"container\">\n\t\t\t\t\t<div class=\"e-con-inner\">\n\t\t\t\t<div class=\"elementor-element elementor-element-b1b76e4 elementor-widget elementor-widget-heading\" data-id=\"b1b76e4\" data-element_type=\"widget\" data-e-type=\"widget\" data-widget_type=\"heading.default\">\n\t\t\t\t\t<h2 class=\"elementor-heading-title elementor-size-default\">Professional<\/h2>\t\t\t\t<\/div>\n\t\t\t\t\t<\/div>\n\t\t\t\t<\/div>\n\t\t<div class=\"elementor-element elementor-element-2efd4de e-flex e-con-boxed e-con e-parent\" data-id=\"2efd4de\" data-element_type=\"container\" data-e-type=\"container\" data-settings=\"{&quot;background_background&quot;:&quot;classic&quot;}\">\n\t\t\t\t\t<div class=\"e-con-inner\">\n\t\t<div class=\"elementor-element elementor-element-6560eac e-con-full e-flex e-con e-child\" data-id=\"6560eac\" data-element_type=\"container\" data-e-type=\"container\">\n\t\t\t\t<div class=\"elementor-element elementor-element-6141523 elementor-widget-tablet__width-initial elementor-widget-mobile__width-inherit elementor-widget elementor-widget-evo_card_vertical\" data-id=\"6141523\" data-element_type=\"widget\" data-e-type=\"widget\" data-widget_type=\"evo_card_vertical.default\">\n\t\t\t\t<div class=\"elementor-widget-container\">\n\t\t\t\t\t        <div class=\"evo-card-vertical\">\n            <div class=\"content\">\n                <div class=\"imagen\">\n                    <img decoding=\"async\" src=\"https:\/\/lux.es\/wp-content\/uploads\/2025\/10\/04-Powerprof-compact.jpg\" alt=\"Servicio\" \/>\n                <\/div>\n                <div class=\"titulo\">\n                    <span >Powerprof Compact<\/span>\n                <\/div>\n\n                <div class=\"enlace\">\n                    <a href=\"https:\/\/lux.es\/producto\/powerproof-compact\/\">\n                        Leer m\u00e1s\n                    <\/a>\n                <\/div>\n            <\/div>\n        <\/div>\n        \t\t\t\t<\/div>\n\t\t\t\t<\/div>\n\t\t\t\t<\/div>\n\t\t\t\t\t<\/div>\n\t\t\t\t<\/div>\n\t\t\t\t<\/div>\n\t\t","protected":false},"excerpt":{"rendered":"<p>Products LUX WELITY SPAIN, S.L. Our products will inspire you Here you will find everything you need for clean air, a clean home, clean water and a restful sleep. Clean Air AG Aeroguard Premium Leer m\u00e1s Better Living Evolux MAX Leer m\u00e1s NovoLux Leer m\u00e1s Ecolux Neo Limpiador a Vapor Leer m\u00e1s Professional Powerprof Compact [&hellip;]<\/p>\n","protected":false},"author":1,"featured_media":0,"parent":0,"menu_order":0,"comment_status":"closed","ping_status":"closed","template":"","meta":{"_acf_changed":false,"footnotes":""},"class_list":["post-1540","page","type-page","status-publish","hentry"],"acf":[],"yoast_head":"<!-- This site is optimized with the Yoast SEO plugin v27.1.1 - https:\/\/yoast.com\/product\/yoast-seo-wordpress\/ -->\n<title>Products - Lux<\/title>\n<meta name=\"robots\" content=\"index, follow, max-snippet:-1, max-image-preview:large, max-video-preview:-1\" \/>\n<link rel=\"canonical\" href=\"https:\/\/lux.es\/en\/products\/\" \/>\n<meta property=\"og:locale\" content=\"en_US\" \/>\n<meta property=\"og:type\" content=\"article\" \/>\n<meta property=\"og:title\" content=\"Products - Lux\" \/>\n<meta property=\"og:description\" content=\"Products LUX WELITY SPAIN, S.L. Our products will inspire you Here you will find everything you need for clean air, a clean home, clean water and a restful sleep. Clean Air AG Aeroguard Premium Leer m\u00e1s Better Living Evolux MAX Leer m\u00e1s NovoLux Leer m\u00e1s Ecolux Neo Limpiador a Vapor Leer m\u00e1s Professional Powerprof Compact [&hellip;]\" \/>\n<meta property=\"og:url\" content=\"https:\/\/lux.es\/en\/products\/\" \/>\n<meta property=\"og:site_name\" content=\"Lux\" \/>\n<meta property=\"article:modified_time\" content=\"2025-10-07T06:48:12+00:00\" \/>\n<meta property=\"og:image\" content=\"https:\/\/lux.es\/wp-content\/uploads\/2025\/10\/01-AEROGUARD-360.jpg\" \/>\n<meta name=\"twitter:card\" content=\"summary_large_image\" \/>\n<script type=\"application\/ld+json\" class=\"yoast-schema-graph\">{\"@context\":\"https:\/\/schema.org\",\"@graph\":[{\"@type\":\"WebPage\",\"@id\":\"https:\/\/lux.es\/en\/products\/\",\"url\":\"https:\/\/lux.es\/en\/products\/\",\"name\":\"Products - Lux\",\"isPartOf\":{\"@id\":\"https:\/\/lux.es\/#website\"},\"primaryImageOfPage\":{\"@id\":\"https:\/\/lux.es\/en\/products\/#primaryimage\"},\"image\":{\"@id\":\"https:\/\/lux.es\/en\/products\/#primaryimage\"},\"thumbnailUrl\":\"https:\/\/lux.es\/wp-content\/uploads\/2025\/10\/01-AEROGUARD-360.jpg\",\"datePublished\":\"2025-10-05T23:25:19+00:00\",\"dateModified\":\"2025-10-07T06:48:12+00:00\",\"breadcrumb\":{\"@id\":\"https:\/\/lux.es\/en\/products\/#breadcrumb\"},\"inLanguage\":\"en-US\",\"potentialAction\":[{\"@type\":\"ReadAction\",\"target\":[\"https:\/\/lux.es\/en\/products\/\"]}]},{\"@type\":\"ImageObject\",\"inLanguage\":\"en-US\",\"@id\":\"https:\/\/lux.es\/en\/products\/#primaryimage\",\"url\":\"https:\/\/lux.es\/wp-content\/uploads\/2025\/10\/01-AEROGUARD-360.jpg\",\"contentUrl\":\"https:\/\/lux.es\/wp-content\/uploads\/2025\/10\/01-AEROGUARD-360.jpg\"},{\"@type\":\"BreadcrumbList\",\"@id\":\"https:\/\/lux.es\/en\/products\/#breadcrumb\",\"itemListElement\":[{\"@type\":\"ListItem\",\"position\":1,\"name\":\"Portada\",\"item\":\"https:\/\/lux.es\/en\/\"},{\"@type\":\"ListItem\",\"position\":2,\"name\":\"Products\"}]},{\"@type\":\"WebSite\",\"@id\":\"https:\/\/lux.es\/#website\",\"url\":\"https:\/\/lux.es\/\",\"name\":\"lux.es\",\"description\":\"\",\"publisher\":{\"@id\":\"https:\/\/lux.es\/#organization\"},\"potentialAction\":[{\"@type\":\"SearchAction\",\"target\":{\"@type\":\"EntryPoint\",\"urlTemplate\":\"https:\/\/lux.es\/?s={search_term_string}\"},\"query-input\":{\"@type\":\"PropertyValueSpecification\",\"valueRequired\":true,\"valueName\":\"search_term_string\"}}],\"inLanguage\":\"en-US\"},{\"@type\":\"Organization\",\"@id\":\"https:\/\/lux.es\/#organization\",\"name\":\"LUX WELITY SPAIN, SL\",\"url\":\"https:\/\/lux.es\/\",\"logo\":{\"@type\":\"ImageObject\",\"inLanguage\":\"en-US\",\"@id\":\"https:\/\/lux.es\/#\/schema\/logo\/image\/\",\"url\":\"https:\/\/lux.es\/wp-content\/uploads\/2025\/09\/Lux-Logo.png\",\"contentUrl\":\"https:\/\/lux.es\/wp-content\/uploads\/2025\/09\/Lux-Logo.png\",\"width\":183,\"height\":118,\"caption\":\"LUX WELITY SPAIN, SL\"},\"image\":{\"@id\":\"https:\/\/lux.es\/#\/schema\/logo\/image\/\"}}]}<\/script>\n<!-- \/ Yoast SEO plugin. -->","yoast_head_json":{"title":"Products - Lux","robots":{"index":"index","follow":"follow","max-snippet":"max-snippet:-1","max-image-preview":"max-image-preview:large","max-video-preview":"max-video-preview:-1"},"canonical":"https:\/\/lux.es\/en\/products\/","og_locale":"en_US","og_type":"article","og_title":"Products - Lux","og_description":"Products LUX WELITY SPAIN, S.L. Our products will inspire you Here you will find everything you need for clean air, a clean home, clean water and a restful sleep. Clean Air AG Aeroguard Premium Leer m\u00e1s Better Living Evolux MAX Leer m\u00e1s NovoLux Leer m\u00e1s Ecolux Neo Limpiador a Vapor Leer m\u00e1s Professional Powerprof Compact [&hellip;]","og_url":"https:\/\/lux.es\/en\/products\/","og_site_name":"Lux","article_modified_time":"2025-10-07T06:48:12+00:00","og_image":[{"url":"https:\/\/lux.es\/wp-content\/uploads\/2025\/10\/01-AEROGUARD-360.jpg","type":"","width":"","height":""}],"twitter_card":"summary_large_image","schema":{"@context":"https:\/\/schema.org","@graph":[{"@type":"WebPage","@id":"https:\/\/lux.es\/en\/products\/","url":"https:\/\/lux.es\/en\/products\/","name":"Products - Lux","isPartOf":{"@id":"https:\/\/lux.es\/#website"},"primaryImageOfPage":{"@id":"https:\/\/lux.es\/en\/products\/#primaryimage"},"image":{"@id":"https:\/\/lux.es\/en\/products\/#primaryimage"},"thumbnailUrl":"https:\/\/lux.es\/wp-content\/uploads\/2025\/10\/01-AEROGUARD-360.jpg","datePublished":"2025-10-05T23:25:19+00:00","dateModified":"2025-10-07T06:48:12+00:00","breadcrumb":{"@id":"https:\/\/lux.es\/en\/products\/#breadcrumb"},"inLanguage":"en-US","potentialAction":[{"@type":"ReadAction","target":["https:\/\/lux.es\/en\/products\/"]}]},{"@type":"ImageObject","inLanguage":"en-US","@id":"https:\/\/lux.es\/en\/products\/#primaryimage","url":"https:\/\/lux.es\/wp-content\/uploads\/2025\/10\/01-AEROGUARD-360.jpg","contentUrl":"https:\/\/lux.es\/wp-content\/uploads\/2025\/10\/01-AEROGUARD-360.jpg"},{"@type":"BreadcrumbList","@id":"https:\/\/lux.es\/en\/products\/#breadcrumb","itemListElement":[{"@type":"ListItem","position":1,"name":"Portada","item":"https:\/\/lux.es\/en\/"},{"@type":"ListItem","position":2,"name":"Products"}]},{"@type":"WebSite","@id":"https:\/\/lux.es\/#website","url":"https:\/\/lux.es\/","name":"lux.es","description":"","publisher":{"@id":"https:\/\/lux.es\/#organization"},"potentialAction":[{"@type":"SearchAction","target":{"@type":"EntryPoint","urlTemplate":"https:\/\/lux.es\/?s={search_term_string}"},"query-input":{"@type":"PropertyValueSpecification","valueRequired":true,"valueName":"search_term_string"}}],"inLanguage":"en-US"},{"@type":"Organization","@id":"https:\/\/lux.es\/#organization","name":"LUX WELITY SPAIN, SL","url":"https:\/\/lux.es\/","logo":{"@type":"ImageObject","inLanguage":"en-US","@id":"https:\/\/lux.es\/#\/schema\/logo\/image\/","url":"https:\/\/lux.es\/wp-content\/uploads\/2025\/09\/Lux-Logo.png","contentUrl":"https:\/\/lux.es\/wp-content\/uploads\/2025\/09\/Lux-Logo.png","width":183,"height":118,"caption":"LUX WELITY SPAIN, SL"},"image":{"@id":"https:\/\/lux.es\/#\/schema\/logo\/image\/"}}]}},"_links":{"self":[{"href":"https:\/\/lux.es\/en\/wp-json\/wp\/v2\/pages\/1540","targetHints":{"allow":["GET"]}}],"collection":[{"href":"https:\/\/lux.es\/en\/wp-json\/wp\/v2\/pages"}],"about":[{"href":"https:\/\/lux.es\/en\/wp-json\/wp\/v2\/types\/page"}],"author":[{"embeddable":true,"href":"https:\/\/lux.es\/en\/wp-json\/wp\/v2\/users\/1"}],"replies":[{"embeddable":true,"href":"https:\/\/lux.es\/en\/wp-json\/wp\/v2\/comments?post=1540"}],"version-history":[{"count":21,"href":"https:\/\/lux.es\/en\/wp-json\/wp\/v2\/pages\/1540\/revisions"}],"predecessor-version":[{"id":1665,"href":"https:\/\/lux.es\/en\/wp-json\/wp\/v2\/pages\/1540\/revisions\/1665"}],"wp:attachment":[{"href":"https:\/\/lux.es\/en\/wp-json\/wp\/v2\/media?parent=1540"}],"curies":[{"name":"wp","href":"https:\/\/api.w.org\/{rel}","templated":true}]}}